{"id":1161,"date":"2020-10-26T00:54:59","date_gmt":"2020-10-25T23:54:59","guid":{"rendered":"https:\/\/www.roadconinternational.com\/wp\/?page_id=1161"},"modified":"2024-04-29T09:51:38","modified_gmt":"2024-04-29T07:51:38","slug":"nuovo","status":"publish","type":"page","link":"https:\/\/www.roadconinternational.com\/it\/nuovo\/","title":{"rendered":"Nuovo"},"content":{"rendered":"\t\t<div data-elementor-type=\"wp-page\" data-elementor-id=\"1161\" class=\"elementor elementor-1161\" data-elementor-post-type=\"page\">\n\t\t\t\t\t\t\t\t\t<section class=\"elementor-section elementor-top-section elementor-element elementor-element-c8783d0 elementor-section-stretched elementor-section-height-min-height elementor-section-content-middle elementor-section-boxed elementor-section-height-default elementor-section-items-middle\" data-id=\"c8783d0\" data-element_type=\"section\" data-settings=\"{&quot;stretch_section&quot;:&quot;section-stretched&quot;,&quot;background_background&quot;:&quot;classic&quot;,&quot;shape_divider_bottom&quot;:&quot;tilt&quot;}\">\n\t\t\t\t\t\t\t<div class=\"elementor-background-overlay\"><\/div>\n\t\t\t\t\t\t<div class=\"elementor-shape elementor-shape-bottom\" data-negative=\"false\">\n\t\t\t<svg xmlns=\"http:\/\/www.w3.org\/2000\/svg\" viewBox=\"0 0 1000 100\" preserveAspectRatio=\"none\">\n\t<path class=\"elementor-shape-fill\" d=\"M0,6V0h1000v100L0,6z\"\/>\n<\/svg>\t\t<\/div>\n\t\t\t\t\t<div class=\"elementor-container elementor-column-gap-default\">\n\t\t\t\t\t<div class=\"elementor-column elementor-col-100 elementor-top-column elementor-element elementor-element-ae309c2\" data-id=\"ae309c2\" data-element_type=\"column\">\n\t\t\t<div class=\"elementor-widget-wrap elementor-element-populated\">\n\t\t\t\t\t\t\t\t<section class=\"elementor-section elementor-inner-section elementor-element elementor-element-f4b6e72 elementor-section-boxed elementor-section-height-default elementor-section-height-default\" data-id=\"f4b6e72\" data-element_type=\"section\">\n\t\t\t\t\t\t<div class=\"elementor-container elementor-column-gap-no\">\n\t\t\t\t\t<div class=\"elementor-column elementor-col-50 elementor-inner-column elementor-element elementor-element-1c33448\" data-id=\"1c33448\" data-element_type=\"column\">\n\t\t\t<div class=\"elementor-widget-wrap elementor-element-populated\">\n\t\t\t\t\t\t\t\t<div class=\"elementor-element elementor-element-023123d elementor-widget elementor-widget-heading\" data-id=\"023123d\" data-element_type=\"widget\" data-widget_type=\"heading.default\">\n\t\t\t\t<div class=\"elementor-widget-container\">\n\t\t\t<h1 class=\"elementor-heading-title elementor-size-default\">Nuovo<\/h1>\t\t<\/div>\n\t\t\t\t<\/div>\n\t\t\t\t<div class=\"elementor-element elementor-element-f01bf11 elementor-widget elementor-widget-text-editor\" data-id=\"f01bf11\" data-element_type=\"widget\" data-widget_type=\"text-editor.default\">\n\t\t\t\t<div class=\"elementor-widget-container\">\n\t\t\t\t\t\t\t<p>Forniamo i nostri servizi in tutto il mondo. Non importa se hai bisogno di una macchina in Europa, America, Asia o Australia: saremo l\u00ec in tempo e con la macchina pi\u00f9 adeguata.&nbsp;<\/p>\t\t\t\t\t\t<\/div>\n\t\t\t\t<\/div>\n\t\t\t\t\t<\/div>\n\t\t<\/div>\n\t\t\t\t<div class=\"elementor-column elementor-col-50 elementor-inner-column elementor-element elementor-element-597a7c8 elementor-hidden-desktop elementor-hidden-tablet elementor-hidden-phone\" data-id=\"597a7c8\" data-element_type=\"column\">\n\t\t\t<div class=\"elementor-widget-wrap\">\n\t\t\t\t\t\t\t\t\t<\/div>\n\t\t<\/div>\n\t\t\t\t\t\t\t<\/div>\n\t\t<\/section>\n\t\t\t\t\t<\/div>\n\t\t<\/div>\n\t\t\t\t\t\t\t<\/div>\n\t\t<\/section>\n\t\t\t\t<section class=\"elementor-section elementor-top-section elementor-element elementor-element-497edb7 elementor-section-boxed elementor-section-height-default elementor-section-height-default\" data-id=\"497edb7\" data-element_type=\"section\">\n\t\t\t\t\t\t<div class=\"elementor-container elementor-column-gap-default\">\n\t\t\t\t\t<div class=\"elementor-column elementor-col-50 elementor-top-column elementor-element elementor-element-3718e4d\" data-id=\"3718e4d\" data-element_type=\"column\">\n\t\t\t<div class=\"elementor-widget-wrap elementor-element-populated\">\n\t\t\t\t\t\t\t\t<div class=\"elementor-element elementor-element-f275070 elementor-flip-box--effect-fade elementor-widget elementor-widget-flip-box\" data-id=\"f275070\" data-element_type=\"widget\" data-widget_type=\"flip-box.default\">\n\t\t\t\t<div class=\"elementor-widget-container\">\n\t\t\t\t\t<div class=\"elementor-flip-box\" tabindex=\"0\">\n\t\t\t<div class=\"elementor-flip-box__layer elementor-flip-box__front\">\n\t\t\t\t<div class=\"elementor-flip-box__layer__overlay\">\n\t\t\t\t\t<div class=\"elementor-flip-box__layer__inner\">\n\t\t\t\t\t\t\t\t\t\t\t\t\t<div class=\"elementor-flip-box__image\">\n\t\t\t\t\t\t\t\t<img decoding=\"async\" width=\"150\" height=\"22\" src=\"https:\/\/www.roadconinternational.com\/wp\/wp-content\/uploads\/2020\/07\/dynapac-1.png\" class=\"attachment-thumbnail size-thumbnail wp-image-128\" alt=\"\" \/>\t\t\t\t\t\t\t<\/div>\n\t\t\t\t\t\t\n\t\t\t\t\t\t\n\t\t\t\t\t\t\t\t\t\t\t\t\t<div class=\"elementor-flip-box__layer__description\">\n\t\t\t\t\t\t\t\tDynapac \u00e8 una societ\u00e0 di ingegneria multinazionale svedese con sede a Karlskrona.\n\t\t\t\t\t\t\t<\/div>\n\t\t\t\t\t\t\t\t\t\t\t<\/div>\n\t\t\t\t<\/div>\n\t\t\t<\/div>\n\t\t\t<a class=\"elementor-flip-box__layer elementor-flip-box__back\" href=\"https:\/\/www.roadconinternational.com\/it\/marchi\/dynapac\/\">\n\t\t\t<div class=\"elementor-flip-box__layer__overlay\">\n\t\t\t\t<div class=\"elementor-flip-box__layer__inner\">\n\t\t\t\t\t\n\t\t\t\t\t\t\t\t\t\t\t<div class=\"elementor-flip-box__layer__description\">\n\t\t\t\t\t\t\tVisita la nostra sezione nuovo per vedere tutti i prodotti disponibili\t\t\t\t\t\t<\/div>\n\t\t\t\t\t\n\t\t\t\t\t\t\t\t\t\t\t<span class=\"elementor-flip-box__button elementor-button elementor-size-sm\">\n\t\t\t\t\t\t\tMOSTRA PRODOTTI\t\t\t\t\t\t<\/span>\n\t\t\t\t\t\t\t\t<\/div>\n\t\t<\/div>\n\t\t<\/a>\n\t\t<\/div>\n\t\t\t\t<\/div>\n\t\t\t\t<\/div>\n\t\t\t\t\t<\/div>\n\t\t<\/div>\n\t\t\t\t<div class=\"elementor-column elementor-col-50 elementor-top-column elementor-element elementor-element-281f7cc\" data-id=\"281f7cc\" data-element_type=\"column\">\n\t\t\t<div class=\"elementor-widget-wrap elementor-element-populated\">\n\t\t\t\t\t\t\t\t<div class=\"elementor-element elementor-element-f2e3c80 elementor-flip-box--effect-fade elementor-widget elementor-widget-flip-box\" data-id=\"f2e3c80\" data-element_type=\"widget\" data-widget_type=\"flip-box.default\">\n\t\t\t\t<div class=\"elementor-widget-container\">\n\t\t\t\t\t<div class=\"elementor-flip-box\" tabindex=\"0\">\n\t\t\t<div class=\"elementor-flip-box__layer elementor-flip-box__front\">\n\t\t\t\t<div class=\"elementor-flip-box__layer__overlay\">\n\t\t\t\t\t<div class=\"elementor-flip-box__layer__inner\">\n\t\t\t\t\t\t\t\t\t\t\t\t\t<div class=\"elementor-flip-box__image\">\n\t\t\t\t\t\t\t\t<img decoding=\"async\" width=\"150\" height=\"29\" src=\"https:\/\/www.roadconinternational.com\/wp\/wp-content\/uploads\/2020\/07\/fiorentini.png\" class=\"attachment-thumbnail size-thumbnail wp-image-127\" alt=\"\" \/>\t\t\t\t\t\t\t<\/div>\n\t\t\t\t\t\t\n\t\t\t\t\t\t\n\t\t\t\t\t\t\t\t\t\t\t\t\t<div class=\"elementor-flip-box__layer__description\">\n\t\t\t\t\t\t\t\tFiorentini s.p.a. leader europeo nella produzione di macchine industriali per la pulizia dei pavimenti.\t\t\t\t\t\t\t<\/div>\n\t\t\t\t\t\t\t\t\t\t\t<\/div>\n\t\t\t\t<\/div>\n\t\t\t<\/div>\n\t\t\t<a class=\"elementor-flip-box__layer elementor-flip-box__back\" href=\"https:\/\/www.roadconinternational.com\/it\/marchi\/fiorentini\/\">\n\t\t\t<div class=\"elementor-flip-box__layer__overlay\">\n\t\t\t\t<div class=\"elementor-flip-box__layer__inner\">\n\t\t\t\t\t\n\t\t\t\t\t\t\t\t\t\t\t<div class=\"elementor-flip-box__layer__description\">\n\t\t\t\t\t\t\tVisita la nostra sezione nuovo per vedere tutti i prodotti disponibili\t\t\t\t\t\t<\/div>\n\t\t\t\t\t\n\t\t\t\t\t\t\t\t\t\t\t<span class=\"elementor-flip-box__button elementor-button elementor-size-sm\">\n\t\t\t\t\t\t\tMOSTRA PRODOTTI\t\t\t\t\t\t<\/span>\n\t\t\t\t\t\t\t\t<\/div>\n\t\t<\/div>\n\t\t<\/a>\n\t\t<\/div>\n\t\t\t\t<\/div>\n\t\t\t\t<\/div>\n\t\t\t\t\t<\/div>\n\t\t<\/div>\n\t\t\t\t\t\t\t<\/div>\n\t\t<\/section>\n\t\t\t\t<section class=\"elementor-section elementor-top-section elementor-element elementor-element-82150df elementor-section-boxed elementor-section-height-default elementor-section-height-default\" data-id=\"82150df\" data-element_type=\"section\">\n\t\t\t\t\t\t<div class=\"elementor-container elementor-column-gap-default\">\n\t\t\t\t\t<div class=\"elementor-column elementor-col-50 elementor-top-column elementor-element elementor-element-09e6ba2\" data-id=\"09e6ba2\" data-element_type=\"column\">\n\t\t\t<div class=\"elementor-widget-wrap elementor-element-populated\">\n\t\t\t\t\t\t\t\t<div class=\"elementor-element elementor-element-7acadbe elementor-flip-box--effect-fade elementor-widget elementor-widget-flip-box\" data-id=\"7acadbe\" data-element_type=\"widget\" data-widget_type=\"flip-box.default\">\n\t\t\t\t<div class=\"elementor-widget-container\">\n\t\t\t\t\t<div class=\"elementor-flip-box\" tabindex=\"0\">\n\t\t\t<div class=\"elementor-flip-box__layer elementor-flip-box__front\">\n\t\t\t\t<div class=\"elementor-flip-box__layer__overlay\">\n\t\t\t\t\t<div class=\"elementor-flip-box__layer__inner\">\n\t\t\t\t\t\t\t\t\t\t\t\t\t<div class=\"elementor-flip-box__image\">\n\t\t\t\t\t\t\t\t<img decoding=\"async\" width=\"300\" height=\"100\" src=\"https:\/\/www.roadconinternational.com\/wp\/wp-content\/uploads\/2024\/04\/Wacker_Neuson_logo.svg_-1-300x100.png\" class=\"attachment-medium size-medium wp-image-11048\" alt=\"\" srcset=\"https:\/\/www.roadconinternational.com\/wp\/wp-content\/uploads\/2024\/04\/Wacker_Neuson_logo.svg_-1-300x100.png 300w, https:\/\/www.roadconinternational.com\/wp\/wp-content\/uploads\/2024\/04\/Wacker_Neuson_logo.svg_-1-1024x340.png 1024w, https:\/\/www.roadconinternational.com\/wp\/wp-content\/uploads\/2024\/04\/Wacker_Neuson_logo.svg_-1-768x255.png 768w, https:\/\/www.roadconinternational.com\/wp\/wp-content\/uploads\/2024\/04\/Wacker_Neuson_logo.svg_-1-600x200.png 600w, https:\/\/www.roadconinternational.com\/wp\/wp-content\/uploads\/2024\/04\/Wacker_Neuson_logo.svg_-1.png 1200w\" sizes=\"(max-width: 300px) 100vw, 300px\" \/>\t\t\t\t\t\t\t<\/div>\n\t\t\t\t\t\t\n\t\t\t\t\t\t\n\t\t\t\t\t\t\t\t\t\t\t\t\t<div class=\"elementor-flip-box__layer__description\">\n\t\t\t\t\t\t\t\tWacker Neuson \u00e8 una societ\u00e0 multinazionale con sede in Germania che produce e commercializza attrezzature edili e macchine edili compatte.\t\t\t\t\t\t\t<\/div>\n\t\t\t\t\t\t\t\t\t\t\t<\/div>\n\t\t\t\t<\/div>\n\t\t\t<\/div>\n\t\t\t<a class=\"elementor-flip-box__layer elementor-flip-box__back\" href=\"https:\/\/www.roadconinternational.com\/it\/marchi\/wacker-neuson-it\/\">\n\t\t\t<div class=\"elementor-flip-box__layer__overlay\">\n\t\t\t\t<div class=\"elementor-flip-box__layer__inner\">\n\t\t\t\t\t\n\t\t\t\t\t\t\t\t\t\t\t<div class=\"elementor-flip-box__layer__description\">\n\t\t\t\t\t\t\tVisita la nostra sezione nuovo per vedere tutti i prodotti disponibili\t\t\t\t\t\t<\/div>\n\t\t\t\t\t\n\t\t\t\t\t\t\t\t\t\t\t<span class=\"elementor-flip-box__button elementor-button elementor-size-sm\">\n\t\t\t\t\t\t\tMOSTRA PRODOTTI\t\t\t\t\t\t<\/span>\n\t\t\t\t\t\t\t\t<\/div>\n\t\t<\/div>\n\t\t<\/a>\n\t\t<\/div>\n\t\t\t\t<\/div>\n\t\t\t\t<\/div>\n\t\t\t\t\t<\/div>\n\t\t<\/div>\n\t\t\t\t<div class=\"elementor-column elementor-col-50 elementor-top-column elementor-element elementor-element-c3ac516\" data-id=\"c3ac516\" data-element_type=\"column\">\n\t\t\t<div class=\"elementor-widget-wrap\">\n\t\t\t\t\t\t\t\t\t<\/div>\n\t\t<\/div>\n\t\t\t\t\t\t\t<\/div>\n\t\t<\/section>\n\t\t\t\t<section class=\"elementor-section elementor-top-section elementor-element elementor-element-81588cd elementor-section-boxed elementor-section-height-default elementor-section-height-default\" data-id=\"81588cd\" data-element_type=\"section\" data-settings=\"{&quot;background_background&quot;:&quot;gradient&quot;,&quot;shape_divider_bottom&quot;:&quot;tilt&quot;}\">\n\t\t\t\t\t<div class=\"elementor-shape elementor-shape-bottom\" data-negative=\"false\">\n\t\t\t<svg xmlns=\"http:\/\/www.w3.org\/2000\/svg\" viewBox=\"0 0 1000 100\" preserveAspectRatio=\"none\">\n\t<path class=\"elementor-shape-fill\" d=\"M0,6V0h1000v100L0,6z\"\/>\n<\/svg>\t\t<\/div>\n\t\t\t\t\t<div class=\"elementor-container elementor-column-gap-default\">\n\t\t\t\t\t<div class=\"elementor-column elementor-col-100 elementor-top-column elementor-element elementor-element-2b32c6e\" data-id=\"2b32c6e\" data-element_type=\"column\">\n\t\t\t<div class=\"elementor-widget-wrap\">\n\t\t\t\t\t\t\t\t\t<\/div>\n\t\t<\/div>\n\t\t\t\t\t\t\t<\/div>\n\t\t<\/section>\n\t\t\t\t\t\t\t<\/div>\n\t\t","protected":false},"excerpt":{"rendered":"<p>Forniamo i nostri servizi in tutto il mondo. Non importa se hai bisogno di una macchina in Europa, America, Asia o Australia: saremo l\u00ec in tempo e con la macchina pi\u00f9 adeguata.&nbsp; Dynapac \u00e8 una societ\u00e0 di ingegneria multinazionale svedese con sede a Karlskrona. Visita la nostra sezione nuovo per vedere tutti i prodotti disponibili &#8230; <a title=\"Nuovo\" class=\"read-more\" href=\"https:\/\/www.roadconinternational.com\/it\/nuovo\/\" aria-label=\"Leggi di pi\u00f9 su Nuovo\">Leggi tutto<\/a><\/p>\n","protected":false},"author":1,"featured_media":0,"parent":0,"menu_order":0,"comment_status":"closed","ping_status":"closed","template":"elementor_header_footer","meta":[],"acf":[],"yoast_head":"<!-- This site is optimized with the Yoast SEO plugin v21.7 - https:\/\/yoast.com\/wordpress\/plugins\/seo\/ -->\n<title>Nuovo - Roadcon international<\/title>\n<meta name=\"robots\" content=\"index, follow, max-snippet:-1, max-image-preview:large, max-video-preview:-1\" \/>\n<link rel=\"canonical\" href=\"https:\/\/www.roadconinternational.com\/it\/nuovo\/\" \/>\n<meta property=\"og:locale\" content=\"it_IT\" \/>\n<meta property=\"og:type\" content=\"article\" \/>\n<meta property=\"og:title\" content=\"Nuovo - Roadcon international\" \/>\n<meta property=\"og:description\" content=\"Forniamo i nostri servizi in tutto il mondo. Non importa se hai bisogno di una macchina in Europa, America, Asia o Australia: saremo l\u00ec in tempo e con la macchina pi\u00f9 adeguata.&nbsp; Dynapac \u00e8 una societ\u00e0 di ingegneria multinazionale svedese con sede a Karlskrona. Visita la nostra sezione nuovo per vedere tutti i prodotti disponibili ... Leggi tutto\" \/>\n<meta property=\"og:url\" content=\"https:\/\/www.roadconinternational.com\/it\/nuovo\/\" \/>\n<meta property=\"og:site_name\" content=\"Roadcon international\" \/>\n<meta property=\"article:modified_time\" content=\"2024-04-29T07:51:38+00:00\" \/>\n<meta property=\"og:image\" content=\"https:\/\/www.roadconinternational.com\/wp\/wp-content\/uploads\/2020\/07\/dynapac-1.png\" \/>\n<meta name=\"twitter:card\" content=\"summary_large_image\" \/>\n<meta name=\"twitter:label1\" content=\"Tempo di lettura stimato\" \/>\n\t<meta name=\"twitter:data1\" content=\"2 minuti\" \/>\n<script type=\"application\/ld+json\" class=\"yoast-schema-graph\">{\"@context\":\"https:\/\/schema.org\",\"@graph\":[{\"@type\":\"WebPage\",\"@id\":\"https:\/\/www.roadconinternational.com\/it\/nuovo\/\",\"url\":\"https:\/\/www.roadconinternational.com\/it\/nuovo\/\",\"name\":\"Nuovo - Roadcon international\",\"isPartOf\":{\"@id\":\"https:\/\/www.roadconinternational.com\/it\/#website\"},\"datePublished\":\"2020-10-25T23:54:59+00:00\",\"dateModified\":\"2024-04-29T07:51:38+00:00\",\"breadcrumb\":{\"@id\":\"https:\/\/www.roadconinternational.com\/it\/nuovo\/#breadcrumb\"},\"inLanguage\":\"it-IT\",\"potentialAction\":[{\"@type\":\"ReadAction\",\"target\":[\"https:\/\/www.roadconinternational.com\/it\/nuovo\/\"]}]},{\"@type\":\"BreadcrumbList\",\"@id\":\"https:\/\/www.roadconinternational.com\/it\/nuovo\/#breadcrumb\",\"itemListElement\":[{\"@type\":\"ListItem\",\"position\":1,\"name\":\"Home\",\"item\":\"https:\/\/www.roadconinternational.com\/it\/\"},{\"@type\":\"ListItem\",\"position\":2,\"name\":\"Nuovo\"}]},{\"@type\":\"WebSite\",\"@id\":\"https:\/\/www.roadconinternational.com\/it\/#website\",\"url\":\"https:\/\/www.roadconinternational.com\/it\/\",\"name\":\"Roadcon international\",\"description\":\"\",\"publisher\":{\"@id\":\"https:\/\/www.roadconinternational.com\/it\/#organization\"},\"potentialAction\":[{\"@type\":\"SearchAction\",\"target\":{\"@type\":\"EntryPoint\",\"urlTemplate\":\"https:\/\/www.roadconinternational.com\/it\/?s={search_term_string}\"},\"query-input\":\"required name=search_term_string\"}],\"inLanguage\":\"it-IT\"},{\"@type\":\"Organization\",\"@id\":\"https:\/\/www.roadconinternational.com\/it\/#organization\",\"name\":\"Roadcon international\",\"url\":\"https:\/\/www.roadconinternational.com\/it\/\",\"logo\":{\"@type\":\"ImageObject\",\"inLanguage\":\"it-IT\",\"@id\":\"https:\/\/www.roadconinternational.com\/it\/#\/schema\/logo\/image\/\",\"url\":\"https:\/\/www.roadconinternational.com\/wp\/wp-content\/uploads\/2020\/07\/Roadcon-logo.png\",\"contentUrl\":\"https:\/\/www.roadconinternational.com\/wp\/wp-content\/uploads\/2020\/07\/Roadcon-logo.png\",\"width\":550,\"height\":209,\"caption\":\"Roadcon international\"},\"image\":{\"@id\":\"https:\/\/www.roadconinternational.com\/it\/#\/schema\/logo\/image\/\"}}]}<\/script>\n<!-- \/ Yoast SEO plugin. -->","yoast_head_json":{"title":"Nuovo - Roadcon international","robots":{"index":"index","follow":"follow","max-snippet":"max-snippet:-1","max-image-preview":"max-image-preview:large","max-video-preview":"max-video-preview:-1"},"canonical":"https:\/\/www.roadconinternational.com\/it\/nuovo\/","og_locale":"it_IT","og_type":"article","og_title":"Nuovo - Roadcon international","og_description":"Forniamo i nostri servizi in tutto il mondo. Non importa se hai bisogno di una macchina in Europa, America, Asia o Australia: saremo l\u00ec in tempo e con la macchina pi\u00f9 adeguata.&nbsp; Dynapac \u00e8 una societ\u00e0 di ingegneria multinazionale svedese con sede a Karlskrona. Visita la nostra sezione nuovo per vedere tutti i prodotti disponibili ... Leggi tutto","og_url":"https:\/\/www.roadconinternational.com\/it\/nuovo\/","og_site_name":"Roadcon international","article_modified_time":"2024-04-29T07:51:38+00:00","og_image":[{"url":"https:\/\/www.roadconinternational.com\/wp\/wp-content\/uploads\/2020\/07\/dynapac-1.png"}],"twitter_card":"summary_large_image","twitter_misc":{"Tempo di lettura stimato":"2 minuti"},"schema":{"@context":"https:\/\/schema.org","@graph":[{"@type":"WebPage","@id":"https:\/\/www.roadconinternational.com\/it\/nuovo\/","url":"https:\/\/www.roadconinternational.com\/it\/nuovo\/","name":"Nuovo - Roadcon international","isPartOf":{"@id":"https:\/\/www.roadconinternational.com\/it\/#website"},"datePublished":"2020-10-25T23:54:59+00:00","dateModified":"2024-04-29T07:51:38+00:00","breadcrumb":{"@id":"https:\/\/www.roadconinternational.com\/it\/nuovo\/#breadcrumb"},"inLanguage":"it-IT","potentialAction":[{"@type":"ReadAction","target":["https:\/\/www.roadconinternational.com\/it\/nuovo\/"]}]},{"@type":"BreadcrumbList","@id":"https:\/\/www.roadconinternational.com\/it\/nuovo\/#breadcrumb","itemListElement":[{"@type":"ListItem","position":1,"name":"Home","item":"https:\/\/www.roadconinternational.com\/it\/"},{"@type":"ListItem","position":2,"name":"Nuovo"}]},{"@type":"WebSite","@id":"https:\/\/www.roadconinternational.com\/it\/#website","url":"https:\/\/www.roadconinternational.com\/it\/","name":"Roadcon international","description":"","publisher":{"@id":"https:\/\/www.roadconinternational.com\/it\/#organization"},"potentialAction":[{"@type":"SearchAction","target":{"@type":"EntryPoint","urlTemplate":"https:\/\/www.roadconinternational.com\/it\/?s={search_term_string}"},"query-input":"required name=search_term_string"}],"inLanguage":"it-IT"},{"@type":"Organization","@id":"https:\/\/www.roadconinternational.com\/it\/#organization","name":"Roadcon international","url":"https:\/\/www.roadconinternational.com\/it\/","logo":{"@type":"ImageObject","inLanguage":"it-IT","@id":"https:\/\/www.roadconinternational.com\/it\/#\/schema\/logo\/image\/","url":"https:\/\/www.roadconinternational.com\/wp\/wp-content\/uploads\/2020\/07\/Roadcon-logo.png","contentUrl":"https:\/\/www.roadconinternational.com\/wp\/wp-content\/uploads\/2020\/07\/Roadcon-logo.png","width":550,"height":209,"caption":"Roadcon international"},"image":{"@id":"https:\/\/www.roadconinternational.com\/it\/#\/schema\/logo\/image\/"}}]}},"_links":{"self":[{"href":"https:\/\/www.roadconinternational.com\/it\/wp-json\/wp\/v2\/pages\/1161"}],"collection":[{"href":"https:\/\/www.roadconinternational.com\/it\/wp-json\/wp\/v2\/pages"}],"about":[{"href":"https:\/\/www.roadconinternational.com\/it\/wp-json\/wp\/v2\/types\/page"}],"author":[{"embeddable":true,"href":"https:\/\/www.roadconinternational.com\/it\/wp-json\/wp\/v2\/users\/1"}],"replies":[{"embeddable":true,"href":"https:\/\/www.roadconinternational.com\/it\/wp-json\/wp\/v2\/comments?post=1161"}],"version-history":[{"count":12,"href":"https:\/\/www.roadconinternational.com\/it\/wp-json\/wp\/v2\/pages\/1161\/revisions"}],"predecessor-version":[{"id":11199,"href":"https:\/\/www.roadconinternational.com\/it\/wp-json\/wp\/v2\/pages\/1161\/revisions\/11199"}],"wp:attachment":[{"href":"https:\/\/www.roadconinternational.com\/it\/wp-json\/wp\/v2\/media?parent=1161"}],"curies":[{"name":"wp","href":"https:\/\/api.w.org\/{rel}","templated":true}]}}